{"id":128,"date":"2026-03-20T10:28:44","date_gmt":"2026-03-20T10:28:44","guid":{"rendered":"https:\/\/deleauetdesfleurs.fr\/?page_id=128"},"modified":"2026-03-27T11:05:52","modified_gmt":"2026-03-27T11:05:52","slug":"nos-offres-des-creations-florales-sur-mesure-pour-les-professionnels-et-les-particuliers","status":"publish","type":"page","link":"https:\/\/deleauetdesfleurs.fr\/index.php\/nos-offres-des-creations-florales-sur-mesure-pour-les-professionnels-et-les-particuliers\/","title":{"rendered":"Nos offres"},"content":{"rendered":"\n<p><\/p>\n\n\n\n<p class=\"has-text-align-center\" style=\"padding-top:var(--wp--preset--spacing--superbspacing-xxsmall);padding-right:var(--wp--preset--spacing--superbspacing-xlarge);padding-bottom:var(--wp--preset--spacing--superbspacing-xxsmall);padding-left:var(--wp--preset--spacing--superbspacing-xlarge);font-size:clamp(15.747px, 0.984rem + ((1vw - 3.2px) * 0.938), 24px);\">Chez De l\u2019Eau et des Fleurs, nous cr\u00e9ons des compositions florales pour les professionnels comme pour les particuliers, avec la m\u00eame exigence : des fleurs choisies avec soin, des cr\u00e9ations sensibles et un accompagnement sur mesure.<\/p>\n\n\n\n<p class=\"has-base-color has-text-color has-link-color wp-elements-f13f382fe651673086d8e2080edc0862\">fleurs<\/p>\n\n\n\n<div class=\"wp-block-columns is-layout-flex wp-container-core-columns-is-layout-1cf01047 wp-block-columns-is-layout-flex\" style=\"margin-top:0;margin-bottom:0;padding-top:0;padding-right:var(--wp--preset--spacing--superbspacing-xlarge);padding-bottom:0;padding-left:var(--wp--preset--spacing--superbspacing-xlarge)\">\n<div class=\"wp-block-column is-layout-flow wp-container-core-column-is-layout-4b1aee6b wp-block-column-is-layout-flow\" style=\"padding-top:0;padding-right:0;padding-bottom:0;padding-left:0\">\n<p style=\"border-style:none;border-width:0px;font-size:clamp(14px, 0.875rem + ((1vw - 3.2px) * 0.682), 20px);\"><strong>VOUS ETES PROFFESSIONNELS<\/strong><\/p>\n\n\n\n<div class=\"wp-block-superb-addons-cover-image\"><div class=\"superbaddons-coverimage-block\" style=\"border-radius:3.5%;min-height:300px;background-image:url(https:\/\/deleauetdesfleurs.fr\/wp-content\/uploads\/2026\/03\/WhatsApp-Image-2025-12-09-at-21.03.47.jpeg);background-position:52% 35%;background-size:cover;background-repeat:no-repeat\"><\/div><\/div>\n\n\n\n<p><\/p>\n\n\n\n<p><strong>Fleurissement sur mesure pour les entreprises et lieux de vie<\/strong><\/p>\n\n\n\n<p style=\"margin-top:0;margin-right:var(--wp--preset--spacing--superbspacing-xsmall);margin-bottom:0;margin-left:var(--wp--preset--spacing--superbspacing-xsmall);padding-top:0;padding-bottom:0\">Abonnements floraux<\/p>\n\n\n\n<p style=\"margin-top:0;margin-right:var(--wp--preset--spacing--superbspacing-xsmall);margin-bottom:0;margin-left:var(--wp--preset--spacing--superbspacing-xsmall);padding-top:0;padding-bottom:0\">Fleurissement de lieux<\/p>\n\n\n\n<p style=\"margin-top:0;margin-right:var(--wp--preset--spacing--superbspacing-xsmall);margin-bottom:0;margin-left:var(--wp--preset--spacing--superbspacing-xsmall);padding-top:0;padding-bottom:0\">Ev\u00e9nements<\/p>\n\n\n\n<p style=\"margin-top:0;margin-right:var(--wp--preset--spacing--superbspacing-xsmall);margin-bottom:0;margin-left:var(--wp--preset--spacing--superbspacing-xsmall);padding-top:0;padding-bottom:0\">Cadeaux d\u2019entreprise<\/p>\n\n\n\n<p style=\"margin-top:0;margin-right:var(--wp--preset--spacing--superbspacing-xsmall);margin-bottom:0;margin-left:var(--wp--preset--spacing--superbspacing-xsmall);padding-top:0;padding-bottom:0\"><\/p>\n\n\n\n<p class=\"has-featured-color has-text-color has-link-color wp-elements-c60bc757a2f4690cae7a4c391f49e220\"><\/p>\n<\/div>\n\n\n\n<div class=\"wp-block-column is-layout-flow wp-container-core-column-is-layout-4b1aee6b wp-block-column-is-layout-flow\" style=\"padding-top:0;padding-right:0;padding-bottom:0;padding-left:0\">\n<p style=\"border-style:none;border-width:0px;font-size:clamp(14px, 0.875rem + ((1vw - 3.2px) * 0.682), 20px);\"><strong>VOUS ETES PARTICULIERS<\/strong><\/p>\n\n\n\n<div class=\"wp-block-superb-addons-cover-image\"><div class=\"superbaddons-coverimage-block\" style=\"border-radius:3.5%;min-height:300px;background-image:url(https:\/\/deleauetdesfleurs.fr\/wp-content\/uploads\/2026\/03\/fleuriste-soisy1.jpeg);background-position:57.99999999999999% 43%;background-size:cover;background-repeat:no-repeat\"><\/div><\/div>\n\n\n\n<p><\/p>\n\n\n\n<p><strong>Des cr\u00e9ations florales pour offrir, c\u00e9l\u00e9brer et embellir le quotidien<\/strong><\/p>\n\n\n\n<p style=\"margin-top:0;margin-right:var(--wp--preset--spacing--superbspacing-xsmall);margin-bottom:0;margin-left:var(--wp--preset--spacing--superbspacing-xsmall);padding-top:0;padding-bottom:0\">Plaisir d&rsquo;offrir<\/p>\n\n\n\n<p style=\"margin-top:0;margin-right:var(--wp--preset--spacing--superbspacing-xsmall);margin-bottom:0;margin-left:var(--wp--preset--spacing--superbspacing-xsmall);padding-top:0;padding-bottom:0\">Bouquets et compositions<\/p>\n\n\n\n<p style=\"margin-top:0;margin-right:var(--wp--preset--spacing--superbspacing-xsmall);margin-bottom:0;margin-left:var(--wp--preset--spacing--superbspacing-xsmall);padding-top:0;padding-bottom:0\">Ev\u00e9nements priv\u00e9s<\/p>\n\n\n\n<p style=\"margin-top:0;margin-right:var(--wp--preset--spacing--superbspacing-xsmall);margin-bottom:0;margin-left:var(--wp--preset--spacing--superbspacing-xsmall);padding-top:0;padding-bottom:0\">Mariages<\/p>\n\n\n\n<p class=\"has-primary-color has-text-color has-link-color wp-elements-f53d0f2000e7e509d3e7c91eff2b425b\"><\/p>\n<\/div>\n<\/div>\n\n\n\n<p class=\"has-text-align-center\" style=\"padding-right:var(--wp--preset--spacing--superbspacing-xlarge);padding-left:var(--wp--preset--spacing--superbspacing-xlarge)\"><strong>Pour toute demande d\u2019information ou de devis, contactez G\u00e9raldine au 06 58 63 18 54 ou par e-mail \u00e0 <a href=\"mailto:contact@deleauetdesfleurs.fr\" target=\"_blank\" rel=\"noreferrer noopener\">contact@deleauetdesfleurs.fr<\/a><\/strong><\/p>\n\n\n\n<p><\/p>\n","protected":false},"excerpt":{"rendered":"<p>Chez De l\u2019Eau et des Fleurs, nous cr\u00e9ons des compositions florales pour les professionnels comme pour les particuliers, avec la m\u00eame exigence : des fleurs choisies avec soin, des cr\u00e9ations sensibles et un accompagnement sur mesure. fleurs VOUS ETES PROFFESSIONNELS Fleurissement sur mesure pour les entreprises et lieux de vie Abonnements floraux Fleurissement de lieux [&hellip;]<\/p>\n","protected":false},"author":1,"featured_media":0,"parent":0,"menu_order":0,"comment_status":"closed","ping_status":"closed","template":"superbaddons-page-template","meta":{"_kadence_starter_templates_imported_post":false,"footnotes":""},"class_list":["post-128","page","type-page","status-publish","hentry"],"_links":{"self":[{"href":"https:\/\/deleauetdesfleurs.fr\/index.php\/wp-json\/wp\/v2\/pages\/128","targetHints":{"allow":["GET"]}}],"collection":[{"href":"https:\/\/deleauetdesfleurs.fr\/index.php\/wp-json\/wp\/v2\/pages"}],"about":[{"href":"https:\/\/deleauetdesfleurs.fr\/index.php\/wp-json\/wp\/v2\/types\/page"}],"author":[{"embeddable":true,"href":"https:\/\/deleauetdesfleurs.fr\/index.php\/wp-json\/wp\/v2\/users\/1"}],"replies":[{"embeddable":true,"href":"https:\/\/deleauetdesfleurs.fr\/index.php\/wp-json\/wp\/v2\/comments?post=128"}],"version-history":[{"count":85,"href":"https:\/\/deleauetdesfleurs.fr\/index.php\/wp-json\/wp\/v2\/pages\/128\/revisions"}],"predecessor-version":[{"id":376,"href":"https:\/\/deleauetdesfleurs.fr\/index.php\/wp-json\/wp\/v2\/pages\/128\/revisions\/376"}],"wp:attachment":[{"href":"https:\/\/deleauetdesfleurs.fr\/index.php\/wp-json\/wp\/v2\/media?parent=128"}],"curies":[{"name":"wp","href":"https:\/\/api.w.org\/{rel}","templated":true}]}}